{"id":1661,"date":"2021-01-11T06:46:14","date_gmt":"2021-01-11T05:46:14","guid":{"rendered":"https:\/\/www.gut-wettlkam.com\/legal-disclosure\/"},"modified":"2021-01-11T06:46:48","modified_gmt":"2021-01-11T05:46:48","slug":"legal-disclosure","status":"publish","type":"page","link":"https:\/\/www.gut-wettlkam.com\/en\/legal-disclosure\/","title":{"rendered":"Legal Disclosure"},"content":{"rendered":"<div class=\"wpb-content-wrapper\"><p>[vc_row][vc_column][vc_empty_space][vc_column_text]<\/p>\n<h2>Legal Disclosure<\/h2>\n<h3>Information in accordance with Section 5 TMG<\/h3>\n<p>Gut Wettlkam<br \/>\nManagement Thomas M\u00fcller<br \/>\nK\u00f6gl &amp; Partner GmbH<br \/>\nRepresented by: Ludwig K\u00f6gl<br \/>\nFranz-Zelger-Str. 4<br \/>\n6023 Rothenburg<br \/>\nSwitzerland<br \/>\nPhone 0041 (0)41 280 02 22<br \/>\nFax 0041 (0)41 280 02 25<br \/>\nEmail info@koegl-partner.com<\/p>\n<p><strong>Represented by:<\/strong><br \/>\nDressage stable Gut Wettlkam,<br \/>\nrepresented by Lisa and Thomas M\u00fcller<br \/>\n<hr class=\"no_line\" style=\"margin: 0 auto 22px auto\"\/>\n<\/p>\n<h3>Contact<\/h3>\n<p>Email:<a href=\"mailto:info@gut-wettlkam.com\"> info(at)gut-wettlkam.com<\/a><br \/>\n<hr class=\"no_line\" style=\"margin: 0 auto 22px auto\"\/>\n<\/p>\n<h3>Tax ID<\/h3>\n<p>Sales tax identification number according to \u00a7 27 a sales tax law:<br \/>\nDE 271709153<br \/>\n<hr class=\"no_line\" style=\"margin: 0 auto 22px auto\"\/>\n<\/p>\n<h3>EU dispute settlement<\/h3>\n<p>The European Commission provides a platform for online dispute resolution (OS):<a href=\"http:\/\/ec.europa.eu\/consumers\/odr\" target=\"_blank\" rel=\"noopener noreferrer\">ec.europa.eu\/consumers\/odr.<\/a><br \/>\nYou can find our email address in the legal notice above.<br \/>\n<hr class=\"no_line\" style=\"margin: 0 auto 22px auto\"\/>\n<\/p>\n<h3>Consumer dispute settlement \/ universal arbitration board<\/h3>\n<p>We are neither willing nor obliged to take part in dispute settlement proceedings before a consumer arbitration board.<br \/>\n<hr class=\"no_line\" style=\"margin: 0 auto 22px auto\"\/>\n<\/p>\n<h3>Accountability for content<\/h3>\n<p>As a service provider, we are in accordance with Section 7 (1) TMG is responsible for its own content on these pages according to general law. According to \u00a7\u00a7 8 to 10 TMG, as a service provider, we are not obliged to monitor transmitted or stored third-party information or to investigate circumstances that indicate illegal activity.<\/p>\n<p>Obligations to remove or block the use of information under general law remain unaffected. Liability in this regard is only possible from the point in time at which we become aware of a specific legal violation. As soon as we become aware of such legal violations, we will remove this content immediately.<br \/>\n<hr class=\"no_line\" style=\"margin: 0 auto 22px auto\"\/>\n<\/p>\n<h3>Accountability for links<\/h3>\n<p>Our offer contains links to external third-party websites over whose content we have no influence. Therefore we cannot accept any liability for this external content. The respective provider or operator of the pages is always responsible for the content of the linked pages. The linked pages were checked for possible legal violations at the time they were linked. No illegal content was found at the time the link was created.<\/p>\n<p>However, permanent monitoring of the content of the linked pages is not reasonable without concrete evidence of a violation of the law. If we become aware of legal violations, we will remove such links immediately.<br \/>\n<hr class=\"no_line\" style=\"margin: 0 auto 22px auto\"\/>\n<\/p>\n<h3>Copyright<\/h3>\n<p>The content and works on these pages created by the website operator are subject to German copyright law. The reproduction, processing, distribution and any kind of exploitation outside the limits of copyright require the written consent of the respective author or creator. Downloads and copies of this website are only permitted for private, non-commercial use.<\/p>\n<p>As far as the content on this site was not created by the operator, the copyrights of third parties are observed. In particular contents of third parties are marked as such. If you should nevertheless become aware of a copyright infringement, we ask that you notify us accordingly. As soon as we become aware of legal violations, we will remove such content immediately.<\/p>\n<p>This imprint also applies to our Facebook page, our Youtube channel and our Instagram profile<\/p>\n<p><a href=\"https:\/\/www.facebook.com\/gutwettlkam\/\" target=\"_blank\" rel=\"noopener noreferrer\">https:\/\/www.facebook.com\/gutwettlkam\/<\/a><\/p>\n<p><a href=\"https:\/\/www.instagram.com\/lisa.mueller.official\/?hl=de\" target=\"_blank\" rel=\"noopener noreferrer\">https:\/\/www.instagram.com\/lisa.mueller.official\/?hl=de<\/a><br \/>\n<hr class=\"no_line\" style=\"margin: 0 auto 22px auto\"\/>\n<br \/>\n<hr class=\"no_line\" style=\"margin: 0 auto 22px auto\"\/>\n<br \/>\n<strong>Concept, design &amp; implementation:<\/strong><\/p>\n<p>brain-thing.com<br \/>\nVisual communication agency<br \/>\nSelwatstrasse 6<br \/>\nD-84056 Rottenburg a.d. Laaber<br \/>\nPhone: +49 (0) 8781 &#8211; 20 12 98<\/p>\n<p>Internet: <a href=\"http:\/\/www.brain-thing.com\" target=\"_blank\" rel=\"noopener noreferrer\">www.brain-thing.com<\/a><br \/>\nEmail: <a href=\"mailto:info@brain-thing.com\">info(at)brain-thing.com<\/a><\/p>\n<hr class=\"no_line\" style=\"margin: 0 auto 22px auto\"\/>\n\n<p><strong>Photo credits of the images used:<\/strong><\/p>\n<p><a href=\"https:\/\/www.slawik.com\/\" target=\"_blank\" rel=\"noopener noreferrer\">\u00a9 Christiane Slawik<\/a>, <a href=\"http:\/\/www.hf-fotografie.de\/\" target=\"_blank\" rel=\"noopener noreferrer\">Hubert Fischer,<\/a> Guido Rekki, <a href=\"https:\/\/oldenburger-pferde.com\/de\/\" target=\"_blank\" rel=\"noopener noreferrer\">Oldenburger Verband<\/a> (Pictures Bowmore), <a href=\"http:\/\/imago-images.de\" target=\"_blank\" rel=\"noopener noreferrer\">imago-images.de<\/a>[\/vc_column_text][vc_empty_space][\/vc_column][\/vc_row]<\/p>\n<\/div>","protected":false},"excerpt":{"rendered":"<p>[vc_row][vc_column][vc_empty_space][vc_column_text] Legal Disclosure Information in accordance with Section 5 TMG Gut Wettlkam Management Thomas M\u00fcller K\u00f6gl &amp; Partner GmbH Represented by: Ludwig K\u00f6gl Franz-Zelger-Str. 4 6023<span class=\"excerpt-hellip\"> [\u2026]<\/span><\/p>\n","protected":false},"author":1,"featured_media":1378,"parent":0,"menu_order":0,"comment_status":"closed","ping_status":"closed","template":"","meta":{"_acf_changed":false,"footnotes":""},"class_list":["post-1661","page","type-page","status-publish","has-post-thumbnail","hentry"],"acf":[],"_links":{"self":[{"href":"https:\/\/www.gut-wettlkam.com\/en\/wp-json\/wp\/v2\/pages\/1661","targetHints":{"allow":["GET"]}}],"collection":[{"href":"https:\/\/www.gut-wettlkam.com\/en\/wp-json\/wp\/v2\/pages"}],"about":[{"href":"https:\/\/www.gut-wettlkam.com\/en\/wp-json\/wp\/v2\/types\/page"}],"author":[{"embeddable":true,"href":"https:\/\/www.gut-wettlkam.com\/en\/wp-json\/wp\/v2\/users\/1"}],"replies":[{"embeddable":true,"href":"https:\/\/www.gut-wettlkam.com\/en\/wp-json\/wp\/v2\/comments?post=1661"}],"version-history":[{"count":0,"href":"https:\/\/www.gut-wettlkam.com\/en\/wp-json\/wp\/v2\/pages\/1661\/revisions"}],"wp:featuredmedia":[{"embeddable":true,"href":"https:\/\/www.gut-wettlkam.com\/en\/wp-json\/wp\/v2\/media\/1378"}],"wp:attachment":[{"href":"https:\/\/www.gut-wettlkam.com\/en\/wp-json\/wp\/v2\/media?parent=1661"}],"curies":[{"name":"wp","href":"https:\/\/api.w.org\/{rel}","templated":true}]}}